{"id":92,"date":"2016-04-05T17:29:48","date_gmt":"2016-04-05T17:29:48","guid":{"rendered":"http:\/\/acuatlondanimolina.com\/inicio\/?page_id=92"},"modified":"2025-02-18T10:52:52","modified_gmt":"2025-02-18T10:52:52","slug":"contacto","status":"publish","type":"page","link":"https:\/\/acuatlondanimolina.com\/inicio\/contacto\/","title":{"rendered":"Contacto"},"content":{"rendered":"<p>[et_pb_section fb_built=\u00bb1&#8243; fullwidth=\u00bbon\u00bb admin_label=\u00bbsection\u00bb _builder_version=\u00bb4.16&#8243; transparent_background=\u00bboff\u00bb make_fullwidth=\u00bboff\u00bb use_custom_width=\u00bboff\u00bb width_unit=\u00bboff\u00bb custom_width_px=\u00bb1080px\u00bb custom_width_percent=\u00bb80%\u00bb global_colors_info=\u00bb{}\u00bb][et_pb_fullwidth_map address=\u00bbAzud de Pareja, 19128, Guadalajara, Espa\u00f1a\u00bb zoom_level=\u00bb9&#8243; address_lat=\u00bb40.410923831922105&#8243; address_lng=\u00bb-2.725982116821342&#8243; mouse_wheel=\u00bboff\u00bb admin_label=\u00bbFullwidth Map\u00bb _builder_version=\u00bb4.27.4&#8243; child_filter_saturate=\u00bb0%\u00bb hover_enabled=\u00bb0&#8243; global_colors_info=\u00bb{}\u00bb child_filter_hue_rotate=\u00bb336deg\u00bb sticky_enabled=\u00bb0&#8243;][et_pb_map_pin title=\u00bbGudalajara\u00bb pin_address=\u00bbAzud de Pareja, 19128, Guadalajara, Espa\u00f1a\u00bb pin_address_lat=\u00bb40.556111&#8243; pin_address_lng=\u00bb-2.670278000000053&#8243; _builder_version=\u00bb4.27.4&#8243; global_colors_info=\u00bb{}\u00bb hover_enabled=\u00bb0&#8243; sticky_enabled=\u00bb0&#8243;]<\/p>\n<p>Azud de Pareja, 19128, Guadalajara, Espa\u00f1a<\/p>\n<p>[\/et_pb_map_pin][\/et_pb_fullwidth_map][\/et_pb_section][et_pb_section fb_built=\u00bb1&#8243; admin_label=\u00bbsection\u00bb _builder_version=\u00bb4.14.8&#8243; background_color=\u00bb#f7f7f7&#8243; custom_padding=\u00bb47px||42px|||\u00bb transparent_background=\u00bboff\u00bb make_fullwidth=\u00bboff\u00bb use_custom_width=\u00bboff\u00bb width_unit=\u00bboff\u00bb custom_width_px=\u00bb1080px\u00bb custom_width_percent=\u00bb80%\u00bb global_module=\u00bb450&#8243; saved_tabs=\u00bball\u00bb locked=\u00bboff\u00bb global_colors_info=\u00bb{}\u00bb][et_pb_row column_structure=\u00bb2_3,1_3&#8243; admin_label=\u00bbrow\u00bb _builder_version=\u00bb4.16&#8243; background_size=\u00bbinitial\u00bb background_position=\u00bbtop_left\u00bb background_repeat=\u00bbrepeat\u00bb make_fullwidth=\u00bboff\u00bb use_custom_width=\u00bboff\u00bb width_unit=\u00bboff\u00bb custom_width_px=\u00bb1080px\u00bb custom_width_percent=\u00bb80%\u00bb global_colors_info=\u00bb{}\u00bb][et_pb_column type=\u00bb2_3&#8243; _builder_version=\u00bb4.16&#8243; custom_padding=\u00bb|||\u00bb global_colors_info=\u00bb{}\u00bb custom_padding__hover=\u00bb|||\u00bb][et_pb_contact_form captcha=\u00bboff\u00bb email=\u00bbdani@danimolina.com\u00bb title=\u00bbCont\u00e1ctanos\u00bb custom_message=\u00bbMensaje que viene desde formulario de contacto de la web de Acuatl\u00f3n Dani Molina||et_pb_line_break_holder||||et_pb_line_break_holder||Hola buenas,||et_pb_line_break_holder||Mis datos:||et_pb_line_break_holder||||et_pb_line_break_holder||%%Name%%||et_pb_line_break_holder||%%Email%%||et_pb_line_break_holder||%%Message%%||et_pb_line_break_holder||||et_pb_line_break_holder||Un saludo\u00bb admin_label=\u00bbContact Form\u00bb module_id=\u00bbet_pb_contact_form_0&#8243; _builder_version=\u00bb4.16&#8243; _unique_id=\u00bb64d95afa-ee30-4f7a-aaaa-f3f331f0796c\u00bb form_field_background_color=\u00bb#008dcd\u00bb form_field_text_color=\u00bb#ffffff\u00bb title_font=\u00bb|on|||\u00bb title_text_color=\u00bb#008dcd\u00bb custom_button=\u00bbon\u00bb button_text_color=\u00bb#008dcd\u00bb button_border_color=\u00bb#008dcd\u00bb border_radii=\u00bbon|0px|0px|0px|0px\u00bb use_border_color=\u00bboff\u00bb form_background_color=\u00bb#e09900&#8243; global_colors_info=\u00bb{}\u00bb][et_pb_contact_field field_id=\u00bbName\u00bb field_title=\u00bbNombre\u00bb _builder_version=\u00bb4.16&#8243; border_radii=\u00bbon|0px|0px|0px|0px\u00bb input_border_radius=\u00bb0&#8243; global_colors_info=\u00bb{}\u00bb button_text_size__hover_enabled=\u00bboff\u00bb button_one_text_size__hover_enabled=\u00bboff\u00bb button_two_text_size__hover_enabled=\u00bboff\u00bb button_text_color__hover_enabled=\u00bboff\u00bb button_one_text_color__hover_enabled=\u00bboff\u00bb button_two_text_color__hover_enabled=\u00bboff\u00bb button_border_width__hover_enabled=\u00bboff\u00bb button_one_border_width__hover_enabled=\u00bboff\u00bb button_two_border_width__hover_enabled=\u00bboff\u00bb button_border_color__hover_enabled=\u00bboff\u00bb button_one_border_color__hover_enabled=\u00bboff\u00bb button_two_border_color__hover_enabled=\u00bboff\u00bb button_border_radius__hover_enabled=\u00bboff\u00bb button_one_border_radius__hover_enabled=\u00bboff\u00bb button_two_border_radius__hover_enabled=\u00bboff\u00bb button_letter_spacing__hover_enabled=\u00bboff\u00bb button_one_letter_spacing__hover_enabled=\u00bboff\u00bb button_two_letter_spacing__hover_enabled=\u00bboff\u00bb button_bg_color__hover_enabled=\u00bboff\u00bb button_one_bg_color__hover_enabled=\u00bboff\u00bb button_two_bg_color__hover_enabled=\u00bboff\u00bb][\/et_pb_contact_field][et_pb_contact_field field_id=\u00bbEmail\u00bb field_title=\u00bbDirecci\u00f3n de correo electr\u00f3nico\u00bb field_type=\u00bbemail\u00bb _builder_version=\u00bb4.16&#8243; border_radii=\u00bbon|0px|0px|0px|0px\u00bb input_border_radius=\u00bb0&#8243; global_colors_info=\u00bb{}\u00bb button_text_size__hover_enabled=\u00bboff\u00bb button_one_text_size__hover_enabled=\u00bboff\u00bb button_two_text_size__hover_enabled=\u00bboff\u00bb button_text_color__hover_enabled=\u00bboff\u00bb button_one_text_color__hover_enabled=\u00bboff\u00bb button_two_text_color__hover_enabled=\u00bboff\u00bb button_border_width__hover_enabled=\u00bboff\u00bb button_one_border_width__hover_enabled=\u00bboff\u00bb button_two_border_width__hover_enabled=\u00bboff\u00bb button_border_color__hover_enabled=\u00bboff\u00bb button_one_border_color__hover_enabled=\u00bboff\u00bb button_two_border_color__hover_enabled=\u00bboff\u00bb button_border_radius__hover_enabled=\u00bboff\u00bb button_one_border_radius__hover_enabled=\u00bboff\u00bb button_two_border_radius__hover_enabled=\u00bboff\u00bb button_letter_spacing__hover_enabled=\u00bboff\u00bb button_one_letter_spacing__hover_enabled=\u00bboff\u00bb button_two_letter_spacing__hover_enabled=\u00bboff\u00bb button_bg_color__hover_enabled=\u00bboff\u00bb button_one_bg_color__hover_enabled=\u00bboff\u00bb button_two_bg_color__hover_enabled=\u00bboff\u00bb][\/et_pb_contact_field][et_pb_contact_field field_id=\u00bbMessage\u00bb field_title=\u00bbMensaje\u00bb field_type=\u00bbtext\u00bb fullwidth_field=\u00bbon\u00bb _builder_version=\u00bb4.16&#8243; border_radii=\u00bbon|0px|0px|0px|0px\u00bb input_border_radius=\u00bb0&#8243; global_colors_info=\u00bb{}\u00bb button_text_size__hover_enabled=\u00bboff\u00bb button_one_text_size__hover_enabled=\u00bboff\u00bb button_two_text_size__hover_enabled=\u00bboff\u00bb button_text_color__hover_enabled=\u00bboff\u00bb button_one_text_color__hover_enabled=\u00bboff\u00bb button_two_text_color__hover_enabled=\u00bboff\u00bb button_border_width__hover_enabled=\u00bboff\u00bb button_one_border_width__hover_enabled=\u00bboff\u00bb button_two_border_width__hover_enabled=\u00bboff\u00bb button_border_color__hover_enabled=\u00bboff\u00bb button_one_border_color__hover_enabled=\u00bboff\u00bb button_two_border_color__hover_enabled=\u00bboff\u00bb button_border_radius__hover_enabled=\u00bboff\u00bb button_one_border_radius__hover_enabled=\u00bboff\u00bb button_two_border_radius__hover_enabled=\u00bboff\u00bb button_letter_spacing__hover_enabled=\u00bboff\u00bb button_one_letter_spacing__hover_enabled=\u00bboff\u00bb button_two_letter_spacing__hover_enabled=\u00bboff\u00bb button_bg_color__hover_enabled=\u00bboff\u00bb button_one_bg_color__hover_enabled=\u00bboff\u00bb button_two_bg_color__hover_enabled=\u00bboff\u00bb][\/et_pb_contact_field][\/et_pb_contact_form][\/et_pb_column][et_pb_column type=\u00bb1_3&#8243; _builder_version=\u00bb4.16&#8243; custom_padding=\u00bb|||\u00bb global_colors_info=\u00bb{}\u00bb custom_padding__hover=\u00bb|||\u00bb][et_pb_text admin_label=\u00bbText\u00bb _builder_version=\u00bb4.16&#8243; header_3_text_color=\u00bb#008dcd\u00bb background_size=\u00bbinitial\u00bb background_position=\u00bbtop_left\u00bb background_repeat=\u00bbrepeat\u00bb custom_margin=\u00bb33px|||||\u00bb use_border_color=\u00bboff\u00bb global_colors_info=\u00bb{}\u00bb]<\/p>\n<h3><strong>M\u00e1s informaci\u00f3n:<\/strong><\/h3>\n<p>El pr\u00f3ximo 31 de Mayo de 2025 a las 17.00h, se celebrar\u00e1 la 8\u00aa edici\u00f3n del Acuatl\u00f3n Dani Molina.<br \/>Podr\u00e1s inscribirte en 2 distancias e incluso por parejas. Consulta el reglamento o env\u00edanos un correo.<\/p>\n<p><span style=\"color: #008dcd;\"><strong>Direcci\u00f3n:<\/strong><\/span> Azud de Pareja<br \/>Guadalajara (Espa\u00f1a)<\/p>\n<p><span style=\"color: #008dcd;\"><strong>Mail de contacto:<\/strong><\/span> eventos@compratudorsal.com<\/p>\n<p>[\/et_pb_text][\/et_pb_column][\/et_pb_row][\/et_pb_section]<\/p>\n","protected":false},"excerpt":{"rendered":"<p>Azud de Pareja, 19128, Guadalajara, Espa\u00f1aM\u00e1s informaci\u00f3n: El pr\u00f3ximo 31 de Mayo de 2025 a las 17.00h, se celebrar\u00e1 la 8\u00aa edici\u00f3n del Acuatl\u00f3n Dani Molina.Podr\u00e1s inscribirte en 2 distancias e incluso por parejas. Consulta el reglamento o env\u00edanos un correo. Direcci\u00f3n: Azud de ParejaGuadalajara (Espa\u00f1a) Mail de contacto: eventos@compratudorsal.com<\/p>\n","protected":false},"author":2,"featured_media":301,"parent":0,"menu_order":0,"comment_status":"closed","ping_status":"closed","template":"","meta":{"_et_pb_use_builder":"on","_et_pb_old_content":"","_et_gb_content_width":"","_exactmetrics_skip_tracking":false,"_exactmetrics_sitenote_active":false,"_exactmetrics_sitenote_note":"","_exactmetrics_sitenote_category":0,"footnotes":""},"class_list":["post-92","page","type-page","status-publish","has-post-thumbnail","hentry"],"yoast_head":"<!-- This site is optimized with the Yoast SEO plugin v21.9.1 - https:\/\/yoast.com\/wordpress\/plugins\/seo\/ -->\n<title>Contacto - Acuatl\u00f3n Dani Molina en el Azud de Pareja.<\/title>\n<meta name=\"description\" content=\"Si tienes alguna duda sobre el Acuatl\u00f3n Dani Molina hemos creado esta pesta\u00f1a de contacto. Env\u00edanos un correo y te responderemos lo antes posible.\" \/>\n<meta name=\"robots\" content=\"index, follow, max-snippet:-1, max-image-preview:large, max-video-preview:-1\" \/>\n<link rel=\"canonical\" href=\"https:\/\/acuatlondanimolina.com\/inicio\/contacto\/\" \/>\n<meta property=\"og:locale\" content=\"es_ES\" \/>\n<meta property=\"og:type\" content=\"article\" \/>\n<meta property=\"og:title\" content=\"Contacto - Acuatl\u00f3n Dani Molina en el Azud de Pareja.\" \/>\n<meta property=\"og:description\" content=\"Si tienes alguna duda sobre el Acuatl\u00f3n Dani Molina hemos creado esta pesta\u00f1a de contacto. Env\u00edanos un correo y te responderemos lo antes posible.\" \/>\n<meta property=\"og:url\" content=\"https:\/\/acuatlondanimolina.com\/inicio\/contacto\/\" \/>\n<meta property=\"og:site_name\" content=\"Acuatlon Dani Molina\" \/>\n<meta property=\"article:modified_time\" content=\"2025-02-18T10:52:52+00:00\" \/>\n<meta property=\"og:image\" content=\"https:\/\/acuatlondanimolina.com\/wp-content\/uploads\/2022\/02\/1N1K0248.jpg\" \/>\n\t<meta property=\"og:image:width\" content=\"1920\" \/>\n\t<meta property=\"og:image:height\" content=\"1165\" \/>\n\t<meta property=\"og:image:type\" content=\"image\/jpeg\" \/>\n<meta name=\"twitter:card\" content=\"summary_large_image\" \/>\n<meta name=\"twitter:label1\" content=\"Tiempo de lectura\" \/>\n\t<meta name=\"twitter:data1\" content=\"1 minuto\" \/>\n<script type=\"application\/ld+json\" class=\"yoast-schema-graph\">{\"@context\":\"https:\/\/schema.org\",\"@graph\":[{\"@type\":\"WebPage\",\"@id\":\"https:\/\/acuatlondanimolina.com\/inicio\/contacto\/\",\"url\":\"https:\/\/acuatlondanimolina.com\/inicio\/contacto\/\",\"name\":\"Contacto - Acuatl\u00f3n Dani Molina en el Azud de Pareja.\",\"isPartOf\":{\"@id\":\"https:\/\/acuatlondanimolina.com\/inicio\/#website\"},\"datePublished\":\"2016-04-05T17:29:48+00:00\",\"dateModified\":\"2025-02-18T10:52:52+00:00\",\"description\":\"Si tienes alguna duda sobre el Acuatl\u00f3n Dani Molina hemos creado esta pesta\u00f1a de contacto. Env\u00edanos un correo y te responderemos lo antes posible.\",\"breadcrumb\":{\"@id\":\"https:\/\/acuatlondanimolina.com\/inicio\/contacto\/#breadcrumb\"},\"inLanguage\":\"es\",\"potentialAction\":[{\"@type\":\"ReadAction\",\"target\":[\"https:\/\/acuatlondanimolina.com\/inicio\/contacto\/\"]}]},{\"@type\":\"BreadcrumbList\",\"@id\":\"https:\/\/acuatlondanimolina.com\/inicio\/contacto\/#breadcrumb\",\"itemListElement\":[{\"@type\":\"ListItem\",\"position\":1,\"name\":\"Portada\",\"item\":\"https:\/\/acuatlondanimolina.com\/inicio\/\"},{\"@type\":\"ListItem\",\"position\":2,\"name\":\"Contacto\"}]},{\"@type\":\"WebSite\",\"@id\":\"https:\/\/acuatlondanimolina.com\/inicio\/#website\",\"url\":\"https:\/\/acuatlondanimolina.com\/inicio\/\",\"name\":\"Acuatlon Dani Molina\",\"description\":\"Ya est\u00e1 la 3\u00aa edici\u00f3n del Acuatl\u00f3n Dani Molina, se celebrar\u00e1 el 10 de junio de 2017.\",\"potentialAction\":[{\"@type\":\"SearchAction\",\"target\":{\"@type\":\"EntryPoint\",\"urlTemplate\":\"https:\/\/acuatlondanimolina.com\/inicio\/?s={search_term_string}\"},\"query-input\":\"required name=search_term_string\"}],\"inLanguage\":\"es\"}]}<\/script>\n<!-- \/ Yoast SEO plugin. -->","yoast_head_json":{"title":"Contacto - Acuatl\u00f3n Dani Molina en el Azud de Pareja.","description":"Si tienes alguna duda sobre el Acuatl\u00f3n Dani Molina hemos creado esta pesta\u00f1a de contacto. Env\u00edanos un correo y te responderemos lo antes posible.","robots":{"index":"index","follow":"follow","max-snippet":"max-snippet:-1","max-image-preview":"max-image-preview:large","max-video-preview":"max-video-preview:-1"},"canonical":"https:\/\/acuatlondanimolina.com\/inicio\/contacto\/","og_locale":"es_ES","og_type":"article","og_title":"Contacto - Acuatl\u00f3n Dani Molina en el Azud de Pareja.","og_description":"Si tienes alguna duda sobre el Acuatl\u00f3n Dani Molina hemos creado esta pesta\u00f1a de contacto. Env\u00edanos un correo y te responderemos lo antes posible.","og_url":"https:\/\/acuatlondanimolina.com\/inicio\/contacto\/","og_site_name":"Acuatlon Dani Molina","article_modified_time":"2025-02-18T10:52:52+00:00","og_image":[{"width":1920,"height":1165,"url":"https:\/\/acuatlondanimolina.com\/wp-content\/uploads\/2022\/02\/1N1K0248.jpg","type":"image\/jpeg"}],"twitter_card":"summary_large_image","twitter_misc":{"Tiempo de lectura":"1 minuto"},"schema":{"@context":"https:\/\/schema.org","@graph":[{"@type":"WebPage","@id":"https:\/\/acuatlondanimolina.com\/inicio\/contacto\/","url":"https:\/\/acuatlondanimolina.com\/inicio\/contacto\/","name":"Contacto - Acuatl\u00f3n Dani Molina en el Azud de Pareja.","isPartOf":{"@id":"https:\/\/acuatlondanimolina.com\/inicio\/#website"},"datePublished":"2016-04-05T17:29:48+00:00","dateModified":"2025-02-18T10:52:52+00:00","description":"Si tienes alguna duda sobre el Acuatl\u00f3n Dani Molina hemos creado esta pesta\u00f1a de contacto. Env\u00edanos un correo y te responderemos lo antes posible.","breadcrumb":{"@id":"https:\/\/acuatlondanimolina.com\/inicio\/contacto\/#breadcrumb"},"inLanguage":"es","potentialAction":[{"@type":"ReadAction","target":["https:\/\/acuatlondanimolina.com\/inicio\/contacto\/"]}]},{"@type":"BreadcrumbList","@id":"https:\/\/acuatlondanimolina.com\/inicio\/contacto\/#breadcrumb","itemListElement":[{"@type":"ListItem","position":1,"name":"Portada","item":"https:\/\/acuatlondanimolina.com\/inicio\/"},{"@type":"ListItem","position":2,"name":"Contacto"}]},{"@type":"WebSite","@id":"https:\/\/acuatlondanimolina.com\/inicio\/#website","url":"https:\/\/acuatlondanimolina.com\/inicio\/","name":"Acuatlon Dani Molina","description":"Ya est\u00e1 la 3\u00aa edici\u00f3n del Acuatl\u00f3n Dani Molina, se celebrar\u00e1 el 10 de junio de 2017.","potentialAction":[{"@type":"SearchAction","target":{"@type":"EntryPoint","urlTemplate":"https:\/\/acuatlondanimolina.com\/inicio\/?s={search_term_string}"},"query-input":"required name=search_term_string"}],"inLanguage":"es"}]}},"_links":{"self":[{"href":"https:\/\/acuatlondanimolina.com\/inicio\/wp-json\/wp\/v2\/pages\/92","targetHints":{"allow":["GET"]}}],"collection":[{"href":"https:\/\/acuatlondanimolina.com\/inicio\/wp-json\/wp\/v2\/pages"}],"about":[{"href":"https:\/\/acuatlondanimolina.com\/inicio\/wp-json\/wp\/v2\/types\/page"}],"author":[{"embeddable":true,"href":"https:\/\/acuatlondanimolina.com\/inicio\/wp-json\/wp\/v2\/users\/2"}],"replies":[{"embeddable":true,"href":"https:\/\/acuatlondanimolina.com\/inicio\/wp-json\/wp\/v2\/comments?post=92"}],"version-history":[{"count":23,"href":"https:\/\/acuatlondanimolina.com\/inicio\/wp-json\/wp\/v2\/pages\/92\/revisions"}],"predecessor-version":[{"id":513,"href":"https:\/\/acuatlondanimolina.com\/inicio\/wp-json\/wp\/v2\/pages\/92\/revisions\/513"}],"wp:featuredmedia":[{"embeddable":true,"href":"https:\/\/acuatlondanimolina.com\/inicio\/wp-json\/wp\/v2\/media\/301"}],"wp:attachment":[{"href":"https:\/\/acuatlondanimolina.com\/inicio\/wp-json\/wp\/v2\/media?parent=92"}],"curies":[{"name":"wp","href":"https:\/\/api.w.org\/{rel}","templated":true}]}}