{"id":96,"date":"2016-04-05T17:30:23","date_gmt":"2016-04-05T17:30:23","guid":{"rendered":"http:\/\/acuatlondanimolina.com\/inicio\/?page_id=96"},"modified":"2026-01-27T17:31:07","modified_gmt":"2026-01-27T17:31:07","slug":"recorrido","status":"publish","type":"page","link":"https:\/\/acuatlondanimolina.com\/inicio\/recorrido\/","title":{"rendered":"Recorrido"},"content":{"rendered":"<p>[et_pb_section fb_built=\u00bb1&#8243; _builder_version=\u00bb4.16&#8243; _module_preset=\u00bbdefault\u00bb background_image=\u00bbhttps:\/\/acuatlondanimolina.com\/wp-content\/uploads\/2023\/02\/1.jpg\u00bb custom_padding=\u00bb80px||70px|||\u00bb locked=\u00bboff\u00bb global_colors_info=\u00bb{}\u00bb][et_pb_row column_structure=\u00bb1_3,1_3,1_3&#8243; _builder_version=\u00bb4.16&#8243; _module_preset=\u00bbdefault\u00bb custom_margin=\u00bb-29px|auto||auto||\u00bb custom_padding=\u00bb2px||2px|||\u00bb global_colors_info=\u00bb{}\u00bb][et_pb_column type=\u00bb1_3&#8243; _builder_version=\u00bb4.16&#8243; _module_preset=\u00bbdefault\u00bb global_colors_info=\u00bb{}\u00bb][et_pb_image src=\u00bbhttps:\/\/acuatlondanimolina.com\/wp-content\/uploads\/2026\/01\/Titulo-4.png\u00bb title_text=\u00bbTitulo 4&#8243; _builder_version=\u00bb4.27.4&#8243; _module_preset=\u00bbdefault\u00bb hover_enabled=\u00bb0&#8243; global_colors_info=\u00bb{}\u00bb sticky_enabled=\u00bb0&#8243;][\/et_pb_image][\/et_pb_column][et_pb_column type=\u00bb1_3&#8243; _builder_version=\u00bb4.16&#8243; _module_preset=\u00bbdefault\u00bb global_colors_info=\u00bb{}\u00bb][\/et_pb_column][et_pb_column type=\u00bb1_3&#8243; _builder_version=\u00bb4.16&#8243; _module_preset=\u00bbdefault\u00bb global_colors_info=\u00bb{}\u00bb][\/et_pb_column][\/et_pb_row][\/et_pb_section][et_pb_section fb_built=\u00bb1&#8243; admin_label=\u00bbsection\u00bb _builder_version=\u00bb4.16&#8243; custom_padding=\u00bb||36px|||\u00bb transparent_background=\u00bboff\u00bb global_colors_info=\u00bb{}\u00bb][et_pb_row admin_label=\u00bbrow\u00bb _builder_version=\u00bb4.16&#8243; background_size=\u00bbinitial\u00bb background_position=\u00bbtop_left\u00bb background_repeat=\u00bbrepeat\u00bb custom_margin=\u00bb-19px|auto||auto||\u00bb custom_padding=\u00bb12px|||||\u00bb global_colors_info=\u00bb{}\u00bb][et_pb_column type=\u00bb4_4&#8243; _builder_version=\u00bb4.16&#8243; custom_padding=\u00bb|||\u00bb global_colors_info=\u00bb{}\u00bb custom_padding__hover=\u00bb|||\u00bb][et_pb_text _builder_version=\u00bb4.27.4&#8243; header_2_text_color=\u00bb#008dcd\u00bb background_size=\u00bbinitial\u00bb background_position=\u00bbtop_left\u00bb background_repeat=\u00bbrepeat\u00bb vertical_offset_tablet=\u00bb0&#8243; horizontal_offset_tablet=\u00bb0&#8243; z_index_tablet=\u00bb0&#8243; text_text_shadow_horizontal_length_tablet=\u00bb0px\u00bb text_text_shadow_vertical_length_tablet=\u00bb0px\u00bb text_text_shadow_blur_strength_tablet=\u00bb1px\u00bb link_text_shadow_horizontal_length_tablet=\u00bb0px\u00bb link_text_shadow_vertical_length_tablet=\u00bb0px\u00bb link_text_shadow_blur_strength_tablet=\u00bb1px\u00bb ul_text_shadow_horizontal_length_tablet=\u00bb0px\u00bb ul_text_shadow_vertical_length_tablet=\u00bb0px\u00bb ul_text_shadow_blur_strength_tablet=\u00bb1px\u00bb ol_text_shadow_horizontal_length_tablet=\u00bb0px\u00bb ol_text_shadow_vertical_length_tablet=\u00bb0px\u00bb ol_text_shadow_blur_strength_tablet=\u00bb1px\u00bb quote_text_shadow_horizontal_length_tablet=\u00bb0px\u00bb quote_text_shadow_vertical_length_tablet=\u00bb0px\u00bb quote_text_shadow_blur_strength_tablet=\u00bb1px\u00bb header_text_shadow_horizontal_length_tablet=\u00bb0px\u00bb header_text_shadow_vertical_length_tablet=\u00bb0px\u00bb header_text_shadow_blur_strength_tablet=\u00bb1px\u00bb header_2_text_shadow_horizontal_length_tablet=\u00bb0px\u00bb header_2_text_shadow_vertical_length_tablet=\u00bb0px\u00bb header_2_text_shadow_blur_strength_tablet=\u00bb1px\u00bb header_3_text_shadow_horizontal_length_tablet=\u00bb0px\u00bb header_3_text_shadow_vertical_length_tablet=\u00bb0px\u00bb header_3_text_shadow_blur_strength_tablet=\u00bb1px\u00bb header_4_text_shadow_horizontal_length_tablet=\u00bb0px\u00bb header_4_text_shadow_vertical_length_tablet=\u00bb0px\u00bb header_4_text_shadow_blur_strength_tablet=\u00bb1px\u00bb header_5_text_shadow_horizontal_length_tablet=\u00bb0px\u00bb header_5_text_shadow_vertical_length_tablet=\u00bb0px\u00bb header_5_text_shadow_blur_strength_tablet=\u00bb1px\u00bb header_6_text_shadow_horizontal_length_tablet=\u00bb0px\u00bb header_6_text_shadow_vertical_length_tablet=\u00bb0px\u00bb header_6_text_shadow_blur_strength_tablet=\u00bb1px\u00bb box_shadow_horizontal_tablet=\u00bb0px\u00bb box_shadow_vertical_tablet=\u00bb0px\u00bb box_shadow_blur_tablet=\u00bb40px\u00bb box_shadow_spread_tablet=\u00bb0px\u00bb use_border_color=\u00bboff\u00bb global_colors_info=\u00bb{}\u00bb]<\/p>\n<h2><strong>RECORRIDO:\u00a0 IX ACUATL\u00d3N DANI MOLINA<\/strong><\/h2>\n<p>Se podr\u00e1 escoger entre dos distancias siendo el formato: primero nadar y posteriormente carrera a pie.<\/p>\n<p>\u2192\u00a0 <strong>Ol\u00edmpico:<\/strong> 1500m a nado y 10km a pie.<\/p>\n<p>\u2192\u00a0 <strong>Sprint:<\/strong> 750m a nado y 5km a pie.<\/p>\n<p>El Ol\u00edmpico ser\u00e1n 2 vueltas a nado y 4 vueltas a pie.<br \/>El Sprint ser\u00e1 1 vuelta a nado y 2 vueltas a pie.<\/p>\n<p>[\/et_pb_text][\/et_pb_column][\/et_pb_row][et_pb_row column_structure=\u00bb1_2,1_2&#8243; _builder_version=\u00bb4.16&#8243; background_size=\u00bbinitial\u00bb background_position=\u00bbtop_left\u00bb background_repeat=\u00bbrepeat\u00bb global_colors_info=\u00bb{}\u00bb][et_pb_column type=\u00bb1_2&#8243; _builder_version=\u00bb4.16&#8243; custom_padding=\u00bb|||\u00bb global_colors_info=\u00bb{}\u00bb custom_padding__hover=\u00bb|||\u00bb][et_pb_image src=\u00bbhttp:\/\/acuatlondanimolina.com\/wp-content\/uploads\/2016\/04\/Nataci\u00f3n-Acuatl\u00f3n-Dani-Molina.jpg\u00bb alt=\u00bbNataci\u00f3n Acuatl\u00f3n Dani Molina\u00bb title_text=\u00bbNataci\u00f3n \u00bb align_tablet=\u00bbcenter\u00bb align_phone=\u00bbcenter\u00bb align_last_edited=\u00bbon|desktop\u00bb _builder_version=\u00bb4.16&#8243; animation_style=\u00bbslide\u00bb animation_direction=\u00bbleft\u00bb animation_duration=\u00bb500ms\u00bb animation_intensity_slide=\u00bb10%\u00bb sticky=\u00bboff\u00bb use_border_color=\u00bboff\u00bb border_color=\u00bb#ffffff\u00bb border_width=\u00bb1px\u00bb border_style=\u00bbsolid\u00bb global_colors_info=\u00bb{}\u00bb]<\/p>\n<p>&nbsp;<\/p>\n<p>[\/et_pb_image][\/et_pb_column][et_pb_column type=\u00bb1_2&#8243; _builder_version=\u00bb4.16&#8243; custom_padding=\u00bb|||\u00bb global_colors_info=\u00bb{}\u00bb custom_padding__hover=\u00bb|||\u00bb][et_pb_image src=\u00bbhttp:\/\/acuatlondanimolina.com\/wp-content\/uploads\/2016\/04\/Carrera-a-pie-Acuatlon-Dani-Molina.jpg\u00bb alt=\u00bbCarrera a pie Acuatlon Dani Molina\u00bb title_text=\u00bbCarrera a pie\u00bb align_tablet=\u00bbcenter\u00bb align_phone=\u00bbcenter\u00bb align_last_edited=\u00bbon|desktop\u00bb _builder_version=\u00bb4.16&#8243; animation_style=\u00bbslide\u00bb animation_direction=\u00bbleft\u00bb animation_duration=\u00bb500ms\u00bb animation_intensity_slide=\u00bb10%\u00bb sticky=\u00bboff\u00bb use_border_color=\u00bboff\u00bb border_color=\u00bb#ffffff\u00bb border_width=\u00bb1px\u00bb border_style=\u00bbsolid\u00bb global_colors_info=\u00bb{}\u00bb]<\/p>\n<p>&nbsp;<\/p>\n<p>[\/et_pb_image][\/et_pb_column][\/et_pb_row][et_pb_row _builder_version=\u00bb4.16&#8243; background_size=\u00bbinitial\u00bb background_position=\u00bbtop_left\u00bb background_repeat=\u00bbrepeat\u00bb global_colors_info=\u00bb{}\u00bb][et_pb_column type=\u00bb4_4&#8243; _builder_version=\u00bb4.16&#8243; custom_padding=\u00bb|||\u00bb global_colors_info=\u00bb{}\u00bb custom_padding__hover=\u00bb|||\u00bb][et_pb_text _builder_version=\u00bb4.16&#8243; background_size=\u00bbinitial\u00bb background_position=\u00bbtop_left\u00bb background_repeat=\u00bbrepeat\u00bb use_border_color=\u00bboff\u00bb border_style=\u00bbsolid\u00bb global_colors_info=\u00bb{}\u00bb]<\/p>\n<p>Los inscritos por parejas deber\u00e1n realizar la entrega de chip en la zona habilitada en los boxes siendo obligatorio la colocaci\u00f3n seg\u00fan las instrucciones de la organizaci\u00f3n antes de la salida.<\/p>\n<p>[\/et_pb_text][\/et_pb_column][\/et_pb_row][\/et_pb_section][et_pb_section fb_built=\u00bb1&#8243; admin_label=\u00bbsection\u00bb _builder_version=\u00bb4.14.8&#8243; background_color=\u00bb#f7f7f7&#8243; custom_padding=\u00bb47px||42px|||\u00bb transparent_background=\u00bboff\u00bb make_fullwidth=\u00bboff\u00bb use_custom_width=\u00bboff\u00bb width_unit=\u00bboff\u00bb custom_width_px=\u00bb1080px\u00bb custom_width_percent=\u00bb80%\u00bb global_module=\u00bb450&#8243; locked=\u00bboff\u00bb global_colors_info=\u00bb{}\u00bb][et_pb_row column_structure=\u00bb2_3,1_3&#8243; admin_label=\u00bbrow\u00bb _builder_version=\u00bb4.16&#8243; background_size=\u00bbinitial\u00bb background_position=\u00bbtop_left\u00bb background_repeat=\u00bbrepeat\u00bb make_fullwidth=\u00bboff\u00bb use_custom_width=\u00bboff\u00bb width_unit=\u00bboff\u00bb custom_width_px=\u00bb1080px\u00bb custom_width_percent=\u00bb80%\u00bb global_colors_info=\u00bb{}\u00bb][et_pb_column type=\u00bb2_3&#8243; _builder_version=\u00bb4.16&#8243; custom_padding=\u00bb|||\u00bb global_colors_info=\u00bb{}\u00bb custom_padding__hover=\u00bb|||\u00bb][et_pb_contact_form captcha=\u00bboff\u00bb email=\u00bbdani@danimolina.com\u00bb title=\u00bbCont\u00e1ctanos\u00bb custom_message=\u00bbMensaje que viene desde formulario de contacto de la web de Acuatl\u00f3n Dani Molina||et_pb_line_break_holder||||et_pb_line_break_holder||Hola buenas,||et_pb_line_break_holder||Mis datos:||et_pb_line_break_holder||||et_pb_line_break_holder||%%Name%%||et_pb_line_break_holder||%%Email%%||et_pb_line_break_holder||%%Message%%||et_pb_line_break_holder||||et_pb_line_break_holder||Un saludo\u00bb admin_label=\u00bbContact Form\u00bb module_id=\u00bbet_pb_contact_form_0&#8243; _builder_version=\u00bb4.16&#8243; _unique_id=\u00bb64d95afa-ee30-4f7a-aaaa-f3f331f0796c\u00bb form_field_background_color=\u00bb#008dcd\u00bb form_field_text_color=\u00bb#ffffff\u00bb title_font=\u00bb|on|||\u00bb title_text_color=\u00bb#008dcd\u00bb custom_button=\u00bbon\u00bb button_text_color=\u00bb#008dcd\u00bb button_border_color=\u00bb#008dcd\u00bb border_radii=\u00bbon|0px|0px|0px|0px\u00bb use_border_color=\u00bboff\u00bb form_background_color=\u00bb#e09900&#8243; global_colors_info=\u00bb{}\u00bb][et_pb_contact_field field_id=\u00bbName\u00bb field_title=\u00bbNombre\u00bb _builder_version=\u00bb4.16&#8243; border_radii=\u00bbon|0px|0px|0px|0px\u00bb input_border_radius=\u00bb0&#8243; global_colors_info=\u00bb{}\u00bb button_text_size__hover_enabled=\u00bboff\u00bb button_one_text_size__hover_enabled=\u00bboff\u00bb button_two_text_size__hover_enabled=\u00bboff\u00bb button_text_color__hover_enabled=\u00bboff\u00bb button_one_text_color__hover_enabled=\u00bboff\u00bb button_two_text_color__hover_enabled=\u00bboff\u00bb button_border_width__hover_enabled=\u00bboff\u00bb button_one_border_width__hover_enabled=\u00bboff\u00bb button_two_border_width__hover_enabled=\u00bboff\u00bb button_border_color__hover_enabled=\u00bboff\u00bb button_one_border_color__hover_enabled=\u00bboff\u00bb button_two_border_color__hover_enabled=\u00bboff\u00bb button_border_radius__hover_enabled=\u00bboff\u00bb button_one_border_radius__hover_enabled=\u00bboff\u00bb button_two_border_radius__hover_enabled=\u00bboff\u00bb button_letter_spacing__hover_enabled=\u00bboff\u00bb button_one_letter_spacing__hover_enabled=\u00bboff\u00bb button_two_letter_spacing__hover_enabled=\u00bboff\u00bb button_bg_color__hover_enabled=\u00bboff\u00bb button_one_bg_color__hover_enabled=\u00bboff\u00bb button_two_bg_color__hover_enabled=\u00bboff\u00bb][\/et_pb_contact_field][et_pb_contact_field field_id=\u00bbEmail\u00bb field_title=\u00bbDirecci\u00f3n de correo electr\u00f3nico\u00bb field_type=\u00bbemail\u00bb _builder_version=\u00bb4.16&#8243; border_radii=\u00bbon|0px|0px|0px|0px\u00bb input_border_radius=\u00bb0&#8243; global_colors_info=\u00bb{}\u00bb button_text_size__hover_enabled=\u00bboff\u00bb button_one_text_size__hover_enabled=\u00bboff\u00bb button_two_text_size__hover_enabled=\u00bboff\u00bb button_text_color__hover_enabled=\u00bboff\u00bb button_one_text_color__hover_enabled=\u00bboff\u00bb button_two_text_color__hover_enabled=\u00bboff\u00bb button_border_width__hover_enabled=\u00bboff\u00bb button_one_border_width__hover_enabled=\u00bboff\u00bb button_two_border_width__hover_enabled=\u00bboff\u00bb button_border_color__hover_enabled=\u00bboff\u00bb button_one_border_color__hover_enabled=\u00bboff\u00bb button_two_border_color__hover_enabled=\u00bboff\u00bb button_border_radius__hover_enabled=\u00bboff\u00bb button_one_border_radius__hover_enabled=\u00bboff\u00bb button_two_border_radius__hover_enabled=\u00bboff\u00bb button_letter_spacing__hover_enabled=\u00bboff\u00bb button_one_letter_spacing__hover_enabled=\u00bboff\u00bb button_two_letter_spacing__hover_enabled=\u00bboff\u00bb button_bg_color__hover_enabled=\u00bboff\u00bb button_one_bg_color__hover_enabled=\u00bboff\u00bb button_two_bg_color__hover_enabled=\u00bboff\u00bb][\/et_pb_contact_field][et_pb_contact_field field_id=\u00bbMessage\u00bb field_title=\u00bbMensaje\u00bb field_type=\u00bbtext\u00bb fullwidth_field=\u00bbon\u00bb _builder_version=\u00bb4.16&#8243; border_radii=\u00bbon|0px|0px|0px|0px\u00bb input_border_radius=\u00bb0&#8243; global_colors_info=\u00bb{}\u00bb button_text_size__hover_enabled=\u00bboff\u00bb button_one_text_size__hover_enabled=\u00bboff\u00bb button_two_text_size__hover_enabled=\u00bboff\u00bb button_text_color__hover_enabled=\u00bboff\u00bb button_one_text_color__hover_enabled=\u00bboff\u00bb button_two_text_color__hover_enabled=\u00bboff\u00bb button_border_width__hover_enabled=\u00bboff\u00bb button_one_border_width__hover_enabled=\u00bboff\u00bb button_two_border_width__hover_enabled=\u00bboff\u00bb button_border_color__hover_enabled=\u00bboff\u00bb button_one_border_color__hover_enabled=\u00bboff\u00bb button_two_border_color__hover_enabled=\u00bboff\u00bb button_border_radius__hover_enabled=\u00bboff\u00bb button_one_border_radius__hover_enabled=\u00bboff\u00bb button_two_border_radius__hover_enabled=\u00bboff\u00bb button_letter_spacing__hover_enabled=\u00bboff\u00bb button_one_letter_spacing__hover_enabled=\u00bboff\u00bb button_two_letter_spacing__hover_enabled=\u00bboff\u00bb button_bg_color__hover_enabled=\u00bboff\u00bb button_one_bg_color__hover_enabled=\u00bboff\u00bb button_two_bg_color__hover_enabled=\u00bboff\u00bb][\/et_pb_contact_field][\/et_pb_contact_form][\/et_pb_column][et_pb_column type=\u00bb1_3&#8243; _builder_version=\u00bb4.16&#8243; custom_padding=\u00bb|||\u00bb global_colors_info=\u00bb{}\u00bb custom_padding__hover=\u00bb|||\u00bb][et_pb_text admin_label=\u00bbText\u00bb _builder_version=\u00bb4.27.4&#8243; header_3_text_color=\u00bb#008dcd\u00bb background_size=\u00bbinitial\u00bb background_position=\u00bbtop_left\u00bb background_repeat=\u00bbrepeat\u00bb custom_margin=\u00bb33px|||||\u00bb use_border_color=\u00bboff\u00bb global_colors_info=\u00bb{}\u00bb]<\/p>\n<h3><strong>M\u00e1s informaci\u00f3n:<\/strong><\/h3>\n<p>El pr\u00f3ximo 6 de Junio de 2026 a las 17.00h, se celebrar\u00e1 la 9\u00aa edici\u00f3n del Acuatl\u00f3n Dani Molina.<\/p>\n<p>Podr\u00e1s inscribirte en 2 distancias e incluso por parejas. Consulta el reglamento o env\u00edanos un correo.<\/p>\n<p><span style=\"color: #008dcd;\"><strong>Direcci\u00f3n:<\/strong><\/span> Azud de Pareja<br \/>Guadalajara (Espa\u00f1a)<\/p>\n<p><span style=\"color: #008dcd;\"><strong>Mail de contacto:<\/strong><\/span> eventos@compratudorsal.com<\/p>\n<p>[\/et_pb_text][\/et_pb_column][\/et_pb_row][\/et_pb_section][et_pb_section fb_built=\u00bb1&#8243; fullwidth=\u00bbon\u00bb admin_label=\u00bbsection\u00bb _builder_version=\u00bb4.16&#8243; transparent_background=\u00bboff\u00bb make_fullwidth=\u00bboff\u00bb use_custom_width=\u00bboff\u00bb width_unit=\u00bboff\u00bb custom_width_px=\u00bb1080px\u00bb custom_width_percent=\u00bb80%\u00bb locked=\u00bboff\u00bb global_colors_info=\u00bb{}\u00bb][et_pb_fullwidth_map address=\u00bbAzud de Pareja, 19128, Guadalajara, Espa\u00f1a\u00bb zoom_level=\u00bb9&#8243; address_lat=\u00bb40.410923831922105&#8243; address_lng=\u00bb-2.725982116821342&#8243; mouse_wheel=\u00bboff\u00bb admin_label=\u00bbFullwidth Map\u00bb _builder_version=\u00bb4.27.4&#8243; child_filter_saturate=\u00bb0%\u00bb global_colors_info=\u00bb{}\u00bb][et_pb_map_pin title=\u00bbGudalajara\u00bb pin_address=\u00bbAzud de Pareja, 19128, Guadalajara, Espa\u00f1a\u00bb pin_address_lat=\u00bb40.556111&#8243; pin_address_lng=\u00bb-2.670278000000053&#8243; _builder_version=\u00bb4.14.8&#8243; global_colors_info=\u00bb{}\u00bb]<\/p>\n<p>Azud de Pareja, 19128, Guadalajara, Espa\u00f1a<\/p>\n<p>[\/et_pb_map_pin][\/et_pb_fullwidth_map][\/et_pb_section]<\/p>\n","protected":false},"excerpt":{"rendered":"<p>RECORRIDO:\u00a0 IX ACUATL\u00d3N DANI MOLINA Se podr\u00e1 escoger entre dos distancias siendo el formato: primero nadar y posteriormente carrera a pie. \u2192\u00a0 Ol\u00edmpico: 1500m a nado y 10km a pie. \u2192\u00a0 Sprint: 750m a nado y 5km a pie. El Ol\u00edmpico ser\u00e1n 2 vueltas a nado y 4 vueltas a pie.El Sprint ser\u00e1 1 vuelta [&hellip;]<\/p>\n","protected":false},"author":2,"featured_media":144,"parent":0,"menu_order":0,"comment_status":"closed","ping_status":"closed","template":"","meta":{"_et_pb_use_builder":"on","_et_pb_old_content":"","_et_gb_content_width":"","_exactmetrics_skip_tracking":false,"_exactmetrics_sitenote_active":false,"_exactmetrics_sitenote_note":"","_exactmetrics_sitenote_category":0,"footnotes":""},"class_list":["post-96","page","type-page","status-publish","has-post-thumbnail","hentry"],"yoast_head":"<!-- This site is optimized with the Yoast SEO plugin v21.9.1 - https:\/\/yoast.com\/wordpress\/plugins\/seo\/ -->\n<title>Recorrido del Acuatl\u00f3n Dani Molina - Azud de Pareja<\/title>\n<meta name=\"description\" content=\"El recorrido del Acuatl\u00f3n Dani Molina es un recorrido diferente en el que se saldr\u00e1 del agua y luego se realizar\u00e1 la prueba a pie. Hay 2 distancias a elegir: Ol\u00edmpico o Sprint,\" \/>\n<meta name=\"robots\" content=\"index, follow, max-snippet:-1, max-image-preview:large, max-video-preview:-1\" \/>\n<link rel=\"canonical\" href=\"https:\/\/acuatlondanimolina.com\/inicio\/recorrido\/\" \/>\n<meta property=\"og:locale\" content=\"es_ES\" \/>\n<meta property=\"og:type\" content=\"article\" \/>\n<meta property=\"og:title\" content=\"Recorrido del Acuatl\u00f3n Dani Molina - Azud de Pareja\" \/>\n<meta property=\"og:description\" content=\"El recorrido del Acuatl\u00f3n Dani Molina es un recorrido diferente en el que se saldr\u00e1 del agua y luego se realizar\u00e1 la prueba a pie. Hay 2 distancias a elegir: Ol\u00edmpico o Sprint,\" \/>\n<meta property=\"og:url\" content=\"https:\/\/acuatlondanimolina.com\/inicio\/recorrido\/\" \/>\n<meta property=\"og:site_name\" content=\"Acuatlon Dani Molina\" \/>\n<meta property=\"article:modified_time\" content=\"2026-01-27T17:31:07+00:00\" \/>\n<meta property=\"og:image\" content=\"https:\/\/acuatlondanimolina.com\/wp-content\/uploads\/2016\/04\/Carrera-a-pie-Acuatlon-Dani-Molina.jpg\" \/>\n\t<meta property=\"og:image:width\" content=\"600\" \/>\n\t<meta property=\"og:image:height\" content=\"336\" \/>\n\t<meta property=\"og:image:type\" content=\"image\/jpeg\" \/>\n<meta name=\"twitter:card\" content=\"summary_large_image\" \/>\n<meta name=\"twitter:label1\" content=\"Tiempo de lectura\" \/>\n\t<meta name=\"twitter:data1\" content=\"2 minutos\" \/>\n<script type=\"application\/ld+json\" class=\"yoast-schema-graph\">{\"@context\":\"https:\/\/schema.org\",\"@graph\":[{\"@type\":\"WebPage\",\"@id\":\"https:\/\/acuatlondanimolina.com\/inicio\/recorrido\/\",\"url\":\"https:\/\/acuatlondanimolina.com\/inicio\/recorrido\/\",\"name\":\"Recorrido del Acuatl\u00f3n Dani Molina - Azud de Pareja\",\"isPartOf\":{\"@id\":\"https:\/\/acuatlondanimolina.com\/inicio\/#website\"},\"datePublished\":\"2016-04-05T17:30:23+00:00\",\"dateModified\":\"2026-01-27T17:31:07+00:00\",\"description\":\"El recorrido del Acuatl\u00f3n Dani Molina es un recorrido diferente en el que se saldr\u00e1 del agua y luego se realizar\u00e1 la prueba a pie. Hay 2 distancias a elegir: Ol\u00edmpico o Sprint,\",\"breadcrumb\":{\"@id\":\"https:\/\/acuatlondanimolina.com\/inicio\/recorrido\/#breadcrumb\"},\"inLanguage\":\"es\",\"potentialAction\":[{\"@type\":\"ReadAction\",\"target\":[\"https:\/\/acuatlondanimolina.com\/inicio\/recorrido\/\"]}]},{\"@type\":\"BreadcrumbList\",\"@id\":\"https:\/\/acuatlondanimolina.com\/inicio\/recorrido\/#breadcrumb\",\"itemListElement\":[{\"@type\":\"ListItem\",\"position\":1,\"name\":\"Portada\",\"item\":\"https:\/\/acuatlondanimolina.com\/inicio\/\"},{\"@type\":\"ListItem\",\"position\":2,\"name\":\"Recorrido\"}]},{\"@type\":\"WebSite\",\"@id\":\"https:\/\/acuatlondanimolina.com\/inicio\/#website\",\"url\":\"https:\/\/acuatlondanimolina.com\/inicio\/\",\"name\":\"Acuatlon Dani Molina\",\"description\":\"Ya est\u00e1 la 3\u00aa edici\u00f3n del Acuatl\u00f3n Dani Molina, se celebrar\u00e1 el 10 de junio de 2017.\",\"potentialAction\":[{\"@type\":\"SearchAction\",\"target\":{\"@type\":\"EntryPoint\",\"urlTemplate\":\"https:\/\/acuatlondanimolina.com\/inicio\/?s={search_term_string}\"},\"query-input\":\"required name=search_term_string\"}],\"inLanguage\":\"es\"}]}<\/script>\n<!-- \/ Yoast SEO plugin. -->","yoast_head_json":{"title":"Recorrido del Acuatl\u00f3n Dani Molina - Azud de Pareja","description":"El recorrido del Acuatl\u00f3n Dani Molina es un recorrido diferente en el que se saldr\u00e1 del agua y luego se realizar\u00e1 la prueba a pie. Hay 2 distancias a elegir: Ol\u00edmpico o Sprint,","robots":{"index":"index","follow":"follow","max-snippet":"max-snippet:-1","max-image-preview":"max-image-preview:large","max-video-preview":"max-video-preview:-1"},"canonical":"https:\/\/acuatlondanimolina.com\/inicio\/recorrido\/","og_locale":"es_ES","og_type":"article","og_title":"Recorrido del Acuatl\u00f3n Dani Molina - Azud de Pareja","og_description":"El recorrido del Acuatl\u00f3n Dani Molina es un recorrido diferente en el que se saldr\u00e1 del agua y luego se realizar\u00e1 la prueba a pie. Hay 2 distancias a elegir: Ol\u00edmpico o Sprint,","og_url":"https:\/\/acuatlondanimolina.com\/inicio\/recorrido\/","og_site_name":"Acuatlon Dani Molina","article_modified_time":"2026-01-27T17:31:07+00:00","og_image":[{"width":600,"height":336,"url":"https:\/\/acuatlondanimolina.com\/wp-content\/uploads\/2016\/04\/Carrera-a-pie-Acuatlon-Dani-Molina.jpg","type":"image\/jpeg"}],"twitter_card":"summary_large_image","twitter_misc":{"Tiempo de lectura":"2 minutos"},"schema":{"@context":"https:\/\/schema.org","@graph":[{"@type":"WebPage","@id":"https:\/\/acuatlondanimolina.com\/inicio\/recorrido\/","url":"https:\/\/acuatlondanimolina.com\/inicio\/recorrido\/","name":"Recorrido del Acuatl\u00f3n Dani Molina - Azud de Pareja","isPartOf":{"@id":"https:\/\/acuatlondanimolina.com\/inicio\/#website"},"datePublished":"2016-04-05T17:30:23+00:00","dateModified":"2026-01-27T17:31:07+00:00","description":"El recorrido del Acuatl\u00f3n Dani Molina es un recorrido diferente en el que se saldr\u00e1 del agua y luego se realizar\u00e1 la prueba a pie. Hay 2 distancias a elegir: Ol\u00edmpico o Sprint,","breadcrumb":{"@id":"https:\/\/acuatlondanimolina.com\/inicio\/recorrido\/#breadcrumb"},"inLanguage":"es","potentialAction":[{"@type":"ReadAction","target":["https:\/\/acuatlondanimolina.com\/inicio\/recorrido\/"]}]},{"@type":"BreadcrumbList","@id":"https:\/\/acuatlondanimolina.com\/inicio\/recorrido\/#breadcrumb","itemListElement":[{"@type":"ListItem","position":1,"name":"Portada","item":"https:\/\/acuatlondanimolina.com\/inicio\/"},{"@type":"ListItem","position":2,"name":"Recorrido"}]},{"@type":"WebSite","@id":"https:\/\/acuatlondanimolina.com\/inicio\/#website","url":"https:\/\/acuatlondanimolina.com\/inicio\/","name":"Acuatlon Dani Molina","description":"Ya est\u00e1 la 3\u00aa edici\u00f3n del Acuatl\u00f3n Dani Molina, se celebrar\u00e1 el 10 de junio de 2017.","potentialAction":[{"@type":"SearchAction","target":{"@type":"EntryPoint","urlTemplate":"https:\/\/acuatlondanimolina.com\/inicio\/?s={search_term_string}"},"query-input":"required name=search_term_string"}],"inLanguage":"es"}]}},"_links":{"self":[{"href":"https:\/\/acuatlondanimolina.com\/inicio\/wp-json\/wp\/v2\/pages\/96","targetHints":{"allow":["GET"]}}],"collection":[{"href":"https:\/\/acuatlondanimolina.com\/inicio\/wp-json\/wp\/v2\/pages"}],"about":[{"href":"https:\/\/acuatlondanimolina.com\/inicio\/wp-json\/wp\/v2\/types\/page"}],"author":[{"embeddable":true,"href":"https:\/\/acuatlondanimolina.com\/inicio\/wp-json\/wp\/v2\/users\/2"}],"replies":[{"embeddable":true,"href":"https:\/\/acuatlondanimolina.com\/inicio\/wp-json\/wp\/v2\/comments?post=96"}],"version-history":[{"count":39,"href":"https:\/\/acuatlondanimolina.com\/inicio\/wp-json\/wp\/v2\/pages\/96\/revisions"}],"predecessor-version":[{"id":540,"href":"https:\/\/acuatlondanimolina.com\/inicio\/wp-json\/wp\/v2\/pages\/96\/revisions\/540"}],"wp:featuredmedia":[{"embeddable":true,"href":"https:\/\/acuatlondanimolina.com\/inicio\/wp-json\/wp\/v2\/media\/144"}],"wp:attachment":[{"href":"https:\/\/acuatlondanimolina.com\/inicio\/wp-json\/wp\/v2\/media?parent=96"}],"curies":[{"name":"wp","href":"https:\/\/api.w.org\/{rel}","templated":true}]}}